{"id":4835,"date":"2025-09-07T21:07:39","date_gmt":"2025-09-07T21:07:39","guid":{"rendered":"https:\/\/artw.ca\/workrepro\/?post_type=product&#038;p=4835"},"modified":"2025-09-15T14:29:02","modified_gmt":"2025-09-15T14:29:02","slug":"eclat-celeste-oeuvre-sur-toile-etiree","status":"publish","type":"product","link":"https:\/\/artw.ca\/workrepro\/produit\/eclat-celeste-oeuvre-sur-toile-etiree\/","title":{"rendered":"\u00c9clat c\u00e9leste, \u0153uvre sur toile \u00e9tir\u00e9e"},"content":{"rendered":"<p class=\"p1\"><span class=\"s1\">Une composition myst\u00e9rieuse et riche, un parfait \u00e9quilibre entre puret\u00e9 et abondance.<\/span><\/p>\n","protected":false},"excerpt":{"rendered":"<p>Une composition myst\u00e9rieuse et riche, un parfait \u00e9quilibre entre puret\u00e9 et abondance.<\/p>\n","protected":false},"featured_media":5115,"template":"","meta":{"_acf_changed":false},"product_brand":[],"product_cat":[130,126,124,145,119,120,121],"product_tag":[],"class_list":{"0":"post-4835","1":"product","2":"type-product","3":"status-publish","4":"has-post-thumbnail","6":"product_cat-abstrait","7":"product_cat-eclat-celeste","8":"product_cat-horizontale","9":"product_cat-mid-century","10":"product_cat-oeuvre-sur-toile-etiree","11":"product_cat-oeuvre-sur-toile-etiree-encadree","12":"product_cat-reproduction","13":"product_shipping_class-livraison-gratuite","14":"pa_formats-12-x-16-sans-cadre-monte-galerie","15":"pa_formats-12-x-16-po-cadre-noir","16":"pa_formats-18-x-24-po-sans-cadre-monte-galerie","17":"pa_formats-18-x-24-po-cadre-noir","18":"pa_formats-24-x-32-sans-cadre-monte-galerie","19":"pa_formats-24-x-32-po-cadre-noir","21":"first","22":"instock","23":"taxable","24":"shipping-taxable","25":"purchasable","26":"product-type-variable"},"acf":[],"yoast_head":"<!-- This site is optimized with the Yoast SEO plugin v25.9 - https:\/\/yoast.com\/wordpress\/plugins\/seo\/ -->\n<title>\u00c9clat c\u00e9leste, \u0153uvre sur toile \u00e9tir\u00e9e - workrepro<\/title>\n<meta name=\"robots\" content=\"noindex, follow, max-snippet:-1, max-image-preview:large, max-video-preview:-1\" \/>\n<meta property=\"og:locale\" content=\"fr_CA\" \/>\n<meta property=\"og:type\" content=\"article\" \/>\n<meta property=\"og:title\" content=\"\u00c9clat c\u00e9leste, \u0153uvre sur toile \u00e9tir\u00e9e - workrepro\" \/>\n<meta property=\"og:description\" content=\"Une composition myst\u00e9rieuse et riche, un parfait \u00e9quilibre entre puret\u00e9 et abondance.\" \/>\n<meta property=\"og:url\" content=\"https:\/\/artw.ca\/workrepro\/produit\/eclat-celeste-oeuvre-sur-toile-etiree\/\" \/>\n<meta property=\"og:site_name\" content=\"workrepro\" \/>\n<meta property=\"article:publisher\" content=\"https:\/\/www.facebook.com\/profile.php?id=61550827004396\" \/>\n<meta property=\"article:modified_time\" content=\"2025-09-15T14:29:02+00:00\" \/>\n<meta property=\"og:image\" content=\"https:\/\/artw.ca\/workrepro\/wp-content\/uploads\/2025\/09\/Base_Web_Woo_10x10_Reproductionsa_050925_97f.jpg\" \/>\n\t<meta property=\"og:image:width\" content=\"2000\" \/>\n\t<meta property=\"og:image:height\" content=\"2000\" \/>\n\t<meta property=\"og:image:type\" content=\"image\/jpeg\" \/>\n<meta name=\"twitter:card\" content=\"summary_large_image\" \/>\n<meta name=\"twitter:label1\" content=\"Estimation du temps de lecture\" \/>\n\t<meta name=\"twitter:data1\" content=\"1 minute\" \/>\n<script type=\"application\/ld+json\" class=\"yoast-schema-graph\">{\"@context\":\"https:\/\/schema.org\",\"@graph\":[{\"@type\":\"WebPage\",\"@id\":\"https:\/\/artw.ca\/workrepro\/produit\/eclat-celeste-oeuvre-sur-toile-etiree\/\",\"url\":\"https:\/\/artw.ca\/workrepro\/produit\/eclat-celeste-oeuvre-sur-toile-etiree\/\",\"name\":\"\u00c9clat c\u00e9leste, \u0153uvre sur toile \u00e9tir\u00e9e - workrepro\",\"isPartOf\":{\"@id\":\"https:\/\/artw.ca\/workrepro\/#website\"},\"primaryImageOfPage\":{\"@id\":\"https:\/\/artw.ca\/workrepro\/produit\/eclat-celeste-oeuvre-sur-toile-etiree\/#primaryimage\"},\"image\":{\"@id\":\"https:\/\/artw.ca\/workrepro\/produit\/eclat-celeste-oeuvre-sur-toile-etiree\/#primaryimage\"},\"thumbnailUrl\":\"https:\/\/artw.ca\/workrepro\/wp-content\/uploads\/2025\/09\/Base_Web_Woo_10x10_Reproductionsa_050925_97f.jpg\",\"datePublished\":\"2025-09-07T21:07:39+00:00\",\"dateModified\":\"2025-09-15T14:29:02+00:00\",\"breadcrumb\":{\"@id\":\"https:\/\/artw.ca\/workrepro\/produit\/eclat-celeste-oeuvre-sur-toile-etiree\/#breadcrumb\"},\"inLanguage\":\"fr-CA\",\"potentialAction\":[{\"@type\":\"ReadAction\",\"target\":[\"https:\/\/artw.ca\/workrepro\/produit\/eclat-celeste-oeuvre-sur-toile-etiree\/\"]}]},{\"@type\":\"ImageObject\",\"inLanguage\":\"fr-CA\",\"@id\":\"https:\/\/artw.ca\/workrepro\/produit\/eclat-celeste-oeuvre-sur-toile-etiree\/#primaryimage\",\"url\":\"https:\/\/artw.ca\/workrepro\/wp-content\/uploads\/2025\/09\/Base_Web_Woo_10x10_Reproductionsa_050925_97f.jpg\",\"contentUrl\":\"https:\/\/artw.ca\/workrepro\/wp-content\/uploads\/2025\/09\/Base_Web_Woo_10x10_Reproductionsa_050925_97f.jpg\",\"width\":2000,\"height\":2000},{\"@type\":\"BreadcrumbList\",\"@id\":\"https:\/\/artw.ca\/workrepro\/produit\/eclat-celeste-oeuvre-sur-toile-etiree\/#breadcrumb\",\"itemListElement\":[{\"@type\":\"ListItem\",\"position\":1,\"name\":\"Accueil\",\"item\":\"https:\/\/artw.ca\/workrepro\/\"},{\"@type\":\"ListItem\",\"position\":2,\"name\":\"Boutique\",\"item\":\"https:\/\/artw.ca\/workrepro\/boutique\/\"},{\"@type\":\"ListItem\",\"position\":3,\"name\":\"\u00c9clat c\u00e9leste, \u0153uvre sur toile \u00e9tir\u00e9e\"}]},{\"@type\":\"WebSite\",\"@id\":\"https:\/\/artw.ca\/workrepro\/#website\",\"url\":\"https:\/\/artw.ca\/workrepro\/\",\"name\":\"Art W\",\"description\":\"Oeuvres originales uniques et certifi\u00e9es\",\"publisher\":{\"@id\":\"https:\/\/artw.ca\/workrepro\/#organization\"},\"potentialAction\":[{\"@type\":\"SearchAction\",\"target\":{\"@type\":\"EntryPoint\",\"urlTemplate\":\"https:\/\/artw.ca\/workrepro\/?s={search_term_string}\"},\"query-input\":{\"@type\":\"PropertyValueSpecification\",\"valueRequired\":true,\"valueName\":\"search_term_string\"}}],\"inLanguage\":\"fr-CA\"},{\"@type\":\"Organization\",\"@id\":\"https:\/\/artw.ca\/workrepro\/#organization\",\"name\":\"Art W\",\"url\":\"https:\/\/artw.ca\/workrepro\/\",\"logo\":{\"@type\":\"ImageObject\",\"inLanguage\":\"fr-CA\",\"@id\":\"https:\/\/artw.ca\/workrepro\/#\/schema\/logo\/image\/\",\"url\":\"https:\/\/artw.ca\/workrepro\/wp-content\/uploads\/2019\/09\/Art_W_noir.png\",\"contentUrl\":\"https:\/\/artw.ca\/workrepro\/wp-content\/uploads\/2019\/09\/Art_W_noir.png\",\"width\":2090,\"height\":1787,\"caption\":\"Art W\"},\"image\":{\"@id\":\"https:\/\/artw.ca\/workrepro\/#\/schema\/logo\/image\/\"},\"sameAs\":[\"https:\/\/www.facebook.com\/profile.php?id=61550827004396\",\"https:\/\/www.instagram.com\/galerieartw\/?hl=fr\"]}]}<\/script>\n<!-- \/ Yoast SEO plugin. -->","yoast_head_json":{"title":"\u00c9clat c\u00e9leste, \u0153uvre sur toile \u00e9tir\u00e9e - workrepro","robots":{"index":"noindex","follow":"follow","max-snippet":"max-snippet:-1","max-image-preview":"max-image-preview:large","max-video-preview":"max-video-preview:-1"},"og_locale":"fr_CA","og_type":"article","og_title":"\u00c9clat c\u00e9leste, \u0153uvre sur toile \u00e9tir\u00e9e - workrepro","og_description":"Une composition myst\u00e9rieuse et riche, un parfait \u00e9quilibre entre puret\u00e9 et abondance.","og_url":"https:\/\/artw.ca\/workrepro\/produit\/eclat-celeste-oeuvre-sur-toile-etiree\/","og_site_name":"workrepro","article_publisher":"https:\/\/www.facebook.com\/profile.php?id=61550827004396","article_modified_time":"2025-09-15T14:29:02+00:00","og_image":[{"width":2000,"height":2000,"url":"https:\/\/artw.ca\/workrepro\/wp-content\/uploads\/2025\/09\/Base_Web_Woo_10x10_Reproductionsa_050925_97f.jpg","type":"image\/jpeg"}],"twitter_card":"summary_large_image","twitter_misc":{"Estimation du temps de lecture":"1 minute"},"schema":{"@context":"https:\/\/schema.org","@graph":[{"@type":"WebPage","@id":"https:\/\/artw.ca\/workrepro\/produit\/eclat-celeste-oeuvre-sur-toile-etiree\/","url":"https:\/\/artw.ca\/workrepro\/produit\/eclat-celeste-oeuvre-sur-toile-etiree\/","name":"\u00c9clat c\u00e9leste, \u0153uvre sur toile \u00e9tir\u00e9e - workrepro","isPartOf":{"@id":"https:\/\/artw.ca\/workrepro\/#website"},"primaryImageOfPage":{"@id":"https:\/\/artw.ca\/workrepro\/produit\/eclat-celeste-oeuvre-sur-toile-etiree\/#primaryimage"},"image":{"@id":"https:\/\/artw.ca\/workrepro\/produit\/eclat-celeste-oeuvre-sur-toile-etiree\/#primaryimage"},"thumbnailUrl":"https:\/\/artw.ca\/workrepro\/wp-content\/uploads\/2025\/09\/Base_Web_Woo_10x10_Reproductionsa_050925_97f.jpg","datePublished":"2025-09-07T21:07:39+00:00","dateModified":"2025-09-15T14:29:02+00:00","breadcrumb":{"@id":"https:\/\/artw.ca\/workrepro\/produit\/eclat-celeste-oeuvre-sur-toile-etiree\/#breadcrumb"},"inLanguage":"fr-CA","potentialAction":[{"@type":"ReadAction","target":["https:\/\/artw.ca\/workrepro\/produit\/eclat-celeste-oeuvre-sur-toile-etiree\/"]}]},{"@type":"ImageObject","inLanguage":"fr-CA","@id":"https:\/\/artw.ca\/workrepro\/produit\/eclat-celeste-oeuvre-sur-toile-etiree\/#primaryimage","url":"https:\/\/artw.ca\/workrepro\/wp-content\/uploads\/2025\/09\/Base_Web_Woo_10x10_Reproductionsa_050925_97f.jpg","contentUrl":"https:\/\/artw.ca\/workrepro\/wp-content\/uploads\/2025\/09\/Base_Web_Woo_10x10_Reproductionsa_050925_97f.jpg","width":2000,"height":2000},{"@type":"BreadcrumbList","@id":"https:\/\/artw.ca\/workrepro\/produit\/eclat-celeste-oeuvre-sur-toile-etiree\/#breadcrumb","itemListElement":[{"@type":"ListItem","position":1,"name":"Accueil","item":"https:\/\/artw.ca\/workrepro\/"},{"@type":"ListItem","position":2,"name":"Boutique","item":"https:\/\/artw.ca\/workrepro\/boutique\/"},{"@type":"ListItem","position":3,"name":"\u00c9clat c\u00e9leste, \u0153uvre sur toile \u00e9tir\u00e9e"}]},{"@type":"WebSite","@id":"https:\/\/artw.ca\/workrepro\/#website","url":"https:\/\/artw.ca\/workrepro\/","name":"Art W","description":"Oeuvres originales uniques et certifi\u00e9es","publisher":{"@id":"https:\/\/artw.ca\/workrepro\/#organization"},"potentialAction":[{"@type":"SearchAction","target":{"@type":"EntryPoint","urlTemplate":"https:\/\/artw.ca\/workrepro\/?s={search_term_string}"},"query-input":{"@type":"PropertyValueSpecification","valueRequired":true,"valueName":"search_term_string"}}],"inLanguage":"fr-CA"},{"@type":"Organization","@id":"https:\/\/artw.ca\/workrepro\/#organization","name":"Art W","url":"https:\/\/artw.ca\/workrepro\/","logo":{"@type":"ImageObject","inLanguage":"fr-CA","@id":"https:\/\/artw.ca\/workrepro\/#\/schema\/logo\/image\/","url":"https:\/\/artw.ca\/workrepro\/wp-content\/uploads\/2019\/09\/Art_W_noir.png","contentUrl":"https:\/\/artw.ca\/workrepro\/wp-content\/uploads\/2019\/09\/Art_W_noir.png","width":2090,"height":1787,"caption":"Art W"},"image":{"@id":"https:\/\/artw.ca\/workrepro\/#\/schema\/logo\/image\/"},"sameAs":["https:\/\/www.facebook.com\/profile.php?id=61550827004396","https:\/\/www.instagram.com\/galerieartw\/?hl=fr"]}]}},"_links":{"self":[{"href":"https:\/\/artw.ca\/workrepro\/wp-json\/wp\/v2\/product\/4835","targetHints":{"allow":["GET"]}}],"collection":[{"href":"https:\/\/artw.ca\/workrepro\/wp-json\/wp\/v2\/product"}],"about":[{"href":"https:\/\/artw.ca\/workrepro\/wp-json\/wp\/v2\/types\/product"}],"wp:featuredmedia":[{"embeddable":true,"href":"https:\/\/artw.ca\/workrepro\/wp-json\/wp\/v2\/media\/5115"}],"wp:attachment":[{"href":"https:\/\/artw.ca\/workrepro\/wp-json\/wp\/v2\/media?parent=4835"}],"wp:term":[{"taxonomy":"product_brand","embeddable":true,"href":"https:\/\/artw.ca\/workrepro\/wp-json\/wp\/v2\/product_brand?post=4835"},{"taxonomy":"product_cat","embeddable":true,"href":"https:\/\/artw.ca\/workrepro\/wp-json\/wp\/v2\/product_cat?post=4835"},{"taxonomy":"product_tag","embeddable":true,"href":"https:\/\/artw.ca\/workrepro\/wp-json\/wp\/v2\/product_tag?post=4835"}],"curies":[{"name":"wp","href":"https:\/\/api.w.org\/{rel}","templated":true}]}}