{"id":4288,"date":"2024-09-12T19:45:18","date_gmt":"2024-09-12T19:45:18","guid":{"rendered":"https:\/\/artw.ca\/workrepro\/?post_type=product&#038;p=4288"},"modified":"2025-09-11T19:09:29","modified_gmt":"2025-09-11T19:09:29","slug":"brume-scintillante","status":"publish","type":"product","link":"https:\/\/artw.ca\/workrepro\/produit\/brume-scintillante\/","title":{"rendered":"Brume scintillante"},"content":{"rendered":"<p>Cette composition ouverte et \u00e9pur\u00e9e, o\u00f9 se superposent des \u00e9l\u00e9ments graphiques et organiques, vibre entre nuance et profondeur. Un judicieux m\u00e9lange de teintes neutres, chaudes et dor\u00e9es lui conf\u00e8re une \u00e9l\u00e9gance qui rappelle le Mid-Century.<\/p>\n<p><strong>Acrylique mixte<br \/>\n<\/strong>Peinture abstraite contemporaine, unique et originale<br \/>\n40\u00a0po\u00a0x\u00a030\u00a0po (102\u00a0cm\u00a0x\u00a076\u00a0cm)<\/p>\n<p>Toile galerie de 1,5\u00a0po avec bordures peintes<br \/>\nProt\u00e9g\u00e9e par un vernis fini brillant<br \/>\nCertificat d\u2019authenticit\u00e9<\/p>\n","protected":false},"excerpt":{"rendered":"<p>Acrylique mixte<br \/>\nPeinture abstraite contemporaine, unique et originale<br \/>\n30 po x 40 po (76 cm x 102 cm)<\/p>\n<p>Toile galerie de 1,5\u00a0po avec bordures peintes<br \/>\nProt\u00e9g\u00e9e par un vernis fini satin\u00e9<br \/>\nCertificat d\u2019authenticit\u00e9<\/p>\n<p><strong>Veuillez communiquer avec nous pour toute commande hors Qu\u00e9bec.<\/strong><\/p>\n","protected":false},"featured_media":4289,"template":"","meta":{"_acf_changed":false},"product_brand":[],"product_cat":[96,130,89,97,124,122],"product_tag":[],"class_list":{"0":"post-4288","1":"product","2":"type-product","3":"status-publish","4":"has-post-thumbnail","6":"product_cat-40-po-x-30-po","7":"product_cat-abstrait","8":"product_cat-acrylique-sur-toile","9":"product_cat-brume-scintillante","10":"product_cat-horizontale","11":"product_cat-originale","12":"product_shipping_class-livraison-gratuite","14":"first","15":"instock","16":"sold-individually","17":"taxable","18":"shipping-taxable","19":"purchasable","20":"product-type-simple"},"acf":[],"yoast_head":"<!-- This site is optimized with the Yoast SEO plugin v25.9 - https:\/\/yoast.com\/wordpress\/plugins\/seo\/ -->\n<title>Brume scintillante - workrepro<\/title>\n<meta name=\"robots\" content=\"noindex, follow, max-snippet:-1, max-image-preview:large, max-video-preview:-1\" \/>\n<meta property=\"og:locale\" content=\"fr_CA\" \/>\n<meta property=\"og:type\" content=\"article\" \/>\n<meta property=\"og:title\" content=\"Brume scintillante - workrepro\" \/>\n<meta property=\"og:description\" content=\"Acrylique mixte Peinture abstraite contemporaine, unique et originale 30 po x 40 po (76 cm x 102 cm)  Toile galerie de 1,5\u00a0po avec bordures peintes Prot\u00e9g\u00e9e par un vernis fini satin\u00e9 Certificat d\u2019authenticit\u00e9  Veuillez communiquer avec nous pour toute commande hors Qu\u00e9bec.\" \/>\n<meta property=\"og:url\" content=\"https:\/\/artw.ca\/workrepro\/produit\/brume-scintillante\/\" \/>\n<meta property=\"og:site_name\" content=\"workrepro\" \/>\n<meta property=\"article:publisher\" content=\"https:\/\/www.facebook.com\/profile.php?id=61550827004396\" \/>\n<meta property=\"article:modified_time\" content=\"2025-09-11T19:09:29+00:00\" \/>\n<meta property=\"og:image\" content=\"https:\/\/artw.ca\/workrepro\/wp-content\/uploads\/2024\/09\/Base_Web_Woo_10x10_H1.jpg\" \/>\n\t<meta property=\"og:image:width\" content=\"2000\" \/>\n\t<meta property=\"og:image:height\" content=\"2000\" \/>\n\t<meta property=\"og:image:type\" content=\"image\/jpeg\" \/>\n<meta name=\"twitter:card\" content=\"summary_large_image\" \/>\n<meta name=\"twitter:label1\" content=\"Estimation du temps de lecture\" \/>\n\t<meta name=\"twitter:data1\" content=\"1 minute\" \/>\n<script type=\"application\/ld+json\" class=\"yoast-schema-graph\">{\"@context\":\"https:\/\/schema.org\",\"@graph\":[{\"@type\":\"WebPage\",\"@id\":\"https:\/\/artw.ca\/workrepro\/produit\/brume-scintillante\/\",\"url\":\"https:\/\/artw.ca\/workrepro\/produit\/brume-scintillante\/\",\"name\":\"Brume scintillante - workrepro\",\"isPartOf\":{\"@id\":\"https:\/\/artw.ca\/workrepro\/#website\"},\"primaryImageOfPage\":{\"@id\":\"https:\/\/artw.ca\/workrepro\/produit\/brume-scintillante\/#primaryimage\"},\"image\":{\"@id\":\"https:\/\/artw.ca\/workrepro\/produit\/brume-scintillante\/#primaryimage\"},\"thumbnailUrl\":\"https:\/\/artw.ca\/workrepro\/wp-content\/uploads\/2024\/09\/Base_Web_Woo_10x10_H1.jpg\",\"datePublished\":\"2024-09-12T19:45:18+00:00\",\"dateModified\":\"2025-09-11T19:09:29+00:00\",\"breadcrumb\":{\"@id\":\"https:\/\/artw.ca\/workrepro\/produit\/brume-scintillante\/#breadcrumb\"},\"inLanguage\":\"fr-CA\",\"potentialAction\":[{\"@type\":\"ReadAction\",\"target\":[\"https:\/\/artw.ca\/workrepro\/produit\/brume-scintillante\/\"]}]},{\"@type\":\"ImageObject\",\"inLanguage\":\"fr-CA\",\"@id\":\"https:\/\/artw.ca\/workrepro\/produit\/brume-scintillante\/#primaryimage\",\"url\":\"https:\/\/artw.ca\/workrepro\/wp-content\/uploads\/2024\/09\/Base_Web_Woo_10x10_H1.jpg\",\"contentUrl\":\"https:\/\/artw.ca\/workrepro\/wp-content\/uploads\/2024\/09\/Base_Web_Woo_10x10_H1.jpg\",\"width\":2000,\"height\":2000,\"caption\":\"Brume scintillante\"},{\"@type\":\"BreadcrumbList\",\"@id\":\"https:\/\/artw.ca\/workrepro\/produit\/brume-scintillante\/#breadcrumb\",\"itemListElement\":[{\"@type\":\"ListItem\",\"position\":1,\"name\":\"Accueil\",\"item\":\"https:\/\/artw.ca\/workrepro\/\"},{\"@type\":\"ListItem\",\"position\":2,\"name\":\"Boutique\",\"item\":\"https:\/\/artw.ca\/workrepro\/boutique\/\"},{\"@type\":\"ListItem\",\"position\":3,\"name\":\"Brume scintillante\"}]},{\"@type\":\"WebSite\",\"@id\":\"https:\/\/artw.ca\/workrepro\/#website\",\"url\":\"https:\/\/artw.ca\/workrepro\/\",\"name\":\"Art W\",\"description\":\"Oeuvres originales uniques et certifi\u00e9es\",\"publisher\":{\"@id\":\"https:\/\/artw.ca\/workrepro\/#organization\"},\"potentialAction\":[{\"@type\":\"SearchAction\",\"target\":{\"@type\":\"EntryPoint\",\"urlTemplate\":\"https:\/\/artw.ca\/workrepro\/?s={search_term_string}\"},\"query-input\":{\"@type\":\"PropertyValueSpecification\",\"valueRequired\":true,\"valueName\":\"search_term_string\"}}],\"inLanguage\":\"fr-CA\"},{\"@type\":\"Organization\",\"@id\":\"https:\/\/artw.ca\/workrepro\/#organization\",\"name\":\"Art W\",\"url\":\"https:\/\/artw.ca\/workrepro\/\",\"logo\":{\"@type\":\"ImageObject\",\"inLanguage\":\"fr-CA\",\"@id\":\"https:\/\/artw.ca\/workrepro\/#\/schema\/logo\/image\/\",\"url\":\"https:\/\/artw.ca\/workrepro\/wp-content\/uploads\/2019\/09\/Art_W_noir.png\",\"contentUrl\":\"https:\/\/artw.ca\/workrepro\/wp-content\/uploads\/2019\/09\/Art_W_noir.png\",\"width\":2090,\"height\":1787,\"caption\":\"Art W\"},\"image\":{\"@id\":\"https:\/\/artw.ca\/workrepro\/#\/schema\/logo\/image\/\"},\"sameAs\":[\"https:\/\/www.facebook.com\/profile.php?id=61550827004396\",\"https:\/\/www.instagram.com\/galerieartw\/?hl=fr\"]}]}<\/script>\n<!-- \/ Yoast SEO plugin. -->","yoast_head_json":{"title":"Brume scintillante - workrepro","robots":{"index":"noindex","follow":"follow","max-snippet":"max-snippet:-1","max-image-preview":"max-image-preview:large","max-video-preview":"max-video-preview:-1"},"og_locale":"fr_CA","og_type":"article","og_title":"Brume scintillante - workrepro","og_description":"Acrylique mixte Peinture abstraite contemporaine, unique et originale 30 po x 40 po (76 cm x 102 cm)  Toile galerie de 1,5\u00a0po avec bordures peintes Prot\u00e9g\u00e9e par un vernis fini satin\u00e9 Certificat d\u2019authenticit\u00e9  Veuillez communiquer avec nous pour toute commande hors Qu\u00e9bec.","og_url":"https:\/\/artw.ca\/workrepro\/produit\/brume-scintillante\/","og_site_name":"workrepro","article_publisher":"https:\/\/www.facebook.com\/profile.php?id=61550827004396","article_modified_time":"2025-09-11T19:09:29+00:00","og_image":[{"width":2000,"height":2000,"url":"https:\/\/artw.ca\/workrepro\/wp-content\/uploads\/2024\/09\/Base_Web_Woo_10x10_H1.jpg","type":"image\/jpeg"}],"twitter_card":"summary_large_image","twitter_misc":{"Estimation du temps de lecture":"1 minute"},"schema":{"@context":"https:\/\/schema.org","@graph":[{"@type":"WebPage","@id":"https:\/\/artw.ca\/workrepro\/produit\/brume-scintillante\/","url":"https:\/\/artw.ca\/workrepro\/produit\/brume-scintillante\/","name":"Brume scintillante - workrepro","isPartOf":{"@id":"https:\/\/artw.ca\/workrepro\/#website"},"primaryImageOfPage":{"@id":"https:\/\/artw.ca\/workrepro\/produit\/brume-scintillante\/#primaryimage"},"image":{"@id":"https:\/\/artw.ca\/workrepro\/produit\/brume-scintillante\/#primaryimage"},"thumbnailUrl":"https:\/\/artw.ca\/workrepro\/wp-content\/uploads\/2024\/09\/Base_Web_Woo_10x10_H1.jpg","datePublished":"2024-09-12T19:45:18+00:00","dateModified":"2025-09-11T19:09:29+00:00","breadcrumb":{"@id":"https:\/\/artw.ca\/workrepro\/produit\/brume-scintillante\/#breadcrumb"},"inLanguage":"fr-CA","potentialAction":[{"@type":"ReadAction","target":["https:\/\/artw.ca\/workrepro\/produit\/brume-scintillante\/"]}]},{"@type":"ImageObject","inLanguage":"fr-CA","@id":"https:\/\/artw.ca\/workrepro\/produit\/brume-scintillante\/#primaryimage","url":"https:\/\/artw.ca\/workrepro\/wp-content\/uploads\/2024\/09\/Base_Web_Woo_10x10_H1.jpg","contentUrl":"https:\/\/artw.ca\/workrepro\/wp-content\/uploads\/2024\/09\/Base_Web_Woo_10x10_H1.jpg","width":2000,"height":2000,"caption":"Brume scintillante"},{"@type":"BreadcrumbList","@id":"https:\/\/artw.ca\/workrepro\/produit\/brume-scintillante\/#breadcrumb","itemListElement":[{"@type":"ListItem","position":1,"name":"Accueil","item":"https:\/\/artw.ca\/workrepro\/"},{"@type":"ListItem","position":2,"name":"Boutique","item":"https:\/\/artw.ca\/workrepro\/boutique\/"},{"@type":"ListItem","position":3,"name":"Brume scintillante"}]},{"@type":"WebSite","@id":"https:\/\/artw.ca\/workrepro\/#website","url":"https:\/\/artw.ca\/workrepro\/","name":"Art W","description":"Oeuvres originales uniques et certifi\u00e9es","publisher":{"@id":"https:\/\/artw.ca\/workrepro\/#organization"},"potentialAction":[{"@type":"SearchAction","target":{"@type":"EntryPoint","urlTemplate":"https:\/\/artw.ca\/workrepro\/?s={search_term_string}"},"query-input":{"@type":"PropertyValueSpecification","valueRequired":true,"valueName":"search_term_string"}}],"inLanguage":"fr-CA"},{"@type":"Organization","@id":"https:\/\/artw.ca\/workrepro\/#organization","name":"Art W","url":"https:\/\/artw.ca\/workrepro\/","logo":{"@type":"ImageObject","inLanguage":"fr-CA","@id":"https:\/\/artw.ca\/workrepro\/#\/schema\/logo\/image\/","url":"https:\/\/artw.ca\/workrepro\/wp-content\/uploads\/2019\/09\/Art_W_noir.png","contentUrl":"https:\/\/artw.ca\/workrepro\/wp-content\/uploads\/2019\/09\/Art_W_noir.png","width":2090,"height":1787,"caption":"Art W"},"image":{"@id":"https:\/\/artw.ca\/workrepro\/#\/schema\/logo\/image\/"},"sameAs":["https:\/\/www.facebook.com\/profile.php?id=61550827004396","https:\/\/www.instagram.com\/galerieartw\/?hl=fr"]}]}},"_links":{"self":[{"href":"https:\/\/artw.ca\/workrepro\/wp-json\/wp\/v2\/product\/4288","targetHints":{"allow":["GET"]}}],"collection":[{"href":"https:\/\/artw.ca\/workrepro\/wp-json\/wp\/v2\/product"}],"about":[{"href":"https:\/\/artw.ca\/workrepro\/wp-json\/wp\/v2\/types\/product"}],"wp:featuredmedia":[{"embeddable":true,"href":"https:\/\/artw.ca\/workrepro\/wp-json\/wp\/v2\/media\/4289"}],"wp:attachment":[{"href":"https:\/\/artw.ca\/workrepro\/wp-json\/wp\/v2\/media?parent=4288"}],"wp:term":[{"taxonomy":"product_brand","embeddable":true,"href":"https:\/\/artw.ca\/workrepro\/wp-json\/wp\/v2\/product_brand?post=4288"},{"taxonomy":"product_cat","embeddable":true,"href":"https:\/\/artw.ca\/workrepro\/wp-json\/wp\/v2\/product_cat?post=4288"},{"taxonomy":"product_tag","embeddable":true,"href":"https:\/\/artw.ca\/workrepro\/wp-json\/wp\/v2\/product_tag?post=4288"}],"curies":[{"name":"wp","href":"https:\/\/api.w.org\/{rel}","templated":true}]}}