{"id":4259,"date":"2024-09-12T19:29:49","date_gmt":"2024-09-12T19:29:49","guid":{"rendered":"https:\/\/artw.ca\/workrepro\/?post_type=product&#038;p=4259"},"modified":"2025-09-11T19:07:00","modified_gmt":"2025-09-11T19:07:00","slug":"eclat-spontane","status":"publish","type":"product","link":"https:\/\/artw.ca\/workrepro\/produit\/eclat-spontane\/","title":{"rendered":"\u00c9clat spontan\u00e9"},"content":{"rendered":"<p class=\"p1\"><span class=\"s1\"><b>EN EXPOSITION<\/b> &#8211; Par <a href=\"https:\/\/www.gallea.ca\/fr\/expositions\/exposants\/teneo-montreal\"><span class=\"s2\">Gallea<\/span><\/a><\/span><br \/>\n<span class=\"s1\">Au bureau de <a href=\"https:\/\/www.teneo.com\/fr-ca\/canada\/\">Teneo Montr\u00e9al<\/a>,<span> cabinet-conseil mondial pour PDG<\/span><\/span><\/p>\n<p>Cette \u0153uvre abstraite est empreinte de la l\u00e9g\u00e8ret\u00e9 d\u2019un mouvement symbolique de libert\u00e9 \u00e0 la fois soudaine et souhait\u00e9e. La douceur environnante donne une impression de s\u00e9curit\u00e9 et invite \u00e0 la nouveaut\u00e9, vibrante et juste. Une composition aux couleurs riches et expressives.<\/p>\n<p><strong>Acrylique mixte<\/strong><br \/>\nPeinture abstraite contemporaine, unique et originale<br \/>\n30 po x 40 po (76 cm x 102 cm)<\/p>\n<p>Toile galerie de 1,5\u00a0po avec bordures peintes<br \/>\nProt\u00e9g\u00e9e par un vernis fini satin\u00e9<br \/>\nCertificat d\u2019authenticit\u00e9<\/p>\n","protected":false},"excerpt":{"rendered":"<p>Acrylique mixte<br \/>\nPeinture abstraite contemporaine, unique et originale<br \/>\n30 po x 40 po (76 cm x 102 cm)<\/p>\n<p>Toile galerie de 1,5\u00a0po avec bordures peintes<br \/>\nProt\u00e9g\u00e9e par un vernis fini satin\u00e9<br \/>\nCertificat d\u2019authenticit\u00e9<\/p>\n<p><strong>Veuillez communiquer avec nous pour toute commande hors Qu\u00e9bec.<\/strong><\/p>\n","protected":false},"featured_media":4260,"template":"","meta":{"_acf_changed":false},"product_brand":[],"product_cat":[90,130,89,92,107,122,123],"product_tag":[],"class_list":{"0":"post-4259","1":"product","2":"type-product","3":"status-publish","4":"has-post-thumbnail","6":"product_cat-30-po-x-40-po","7":"product_cat-abstrait","8":"product_cat-acrylique-sur-toile","9":"product_cat-eclat-spontane","10":"product_cat-en-exposition","11":"product_cat-originale","12":"product_cat-verticale","13":"product_shipping_class-livraison-gratuite","15":"first","16":"instock","17":"sold-individually","18":"taxable","19":"shipping-taxable","20":"purchasable","21":"product-type-simple"},"acf":[],"yoast_head":"<!-- This site is optimized with the Yoast SEO plugin v25.9 - https:\/\/yoast.com\/wordpress\/plugins\/seo\/ -->\n<title>\u00c9clat spontan\u00e9 - workrepro<\/title>\n<meta name=\"robots\" content=\"noindex, follow, max-snippet:-1, max-image-preview:large, max-video-preview:-1\" \/>\n<meta property=\"og:locale\" content=\"fr_CA\" \/>\n<meta property=\"og:type\" content=\"article\" \/>\n<meta property=\"og:title\" content=\"\u00c9clat spontan\u00e9 - workrepro\" \/>\n<meta property=\"og:description\" content=\"Acrylique mixte Peinture abstraite contemporaine, unique et originale 30 po x 40 po (76 cm x 102 cm)  Toile galerie de 1,5\u00a0po avec bordures peintes Prot\u00e9g\u00e9e par un vernis fini satin\u00e9 Certificat d\u2019authenticit\u00e9  Veuillez communiquer avec nous pour toute commande hors Qu\u00e9bec.\" \/>\n<meta property=\"og:url\" content=\"https:\/\/artw.ca\/workrepro\/produit\/eclat-spontane\/\" \/>\n<meta property=\"og:site_name\" content=\"workrepro\" \/>\n<meta property=\"article:publisher\" content=\"https:\/\/www.facebook.com\/profile.php?id=61550827004396\" \/>\n<meta property=\"article:modified_time\" content=\"2025-09-11T19:07:00+00:00\" \/>\n<meta property=\"og:image\" content=\"https:\/\/artw.ca\/workrepro\/wp-content\/uploads\/2024\/09\/Base_Web_Woo_10x10_G1.jpg\" \/>\n\t<meta property=\"og:image:width\" content=\"2000\" \/>\n\t<meta property=\"og:image:height\" content=\"2000\" \/>\n\t<meta property=\"og:image:type\" content=\"image\/jpeg\" \/>\n<meta name=\"twitter:card\" content=\"summary_large_image\" \/>\n<meta name=\"twitter:label1\" content=\"Estimation du temps de lecture\" \/>\n\t<meta name=\"twitter:data1\" content=\"1 minute\" \/>\n<script type=\"application\/ld+json\" class=\"yoast-schema-graph\">{\"@context\":\"https:\/\/schema.org\",\"@graph\":[{\"@type\":\"WebPage\",\"@id\":\"https:\/\/artw.ca\/workrepro\/produit\/eclat-spontane\/\",\"url\":\"https:\/\/artw.ca\/workrepro\/produit\/eclat-spontane\/\",\"name\":\"\u00c9clat spontan\u00e9 - workrepro\",\"isPartOf\":{\"@id\":\"https:\/\/artw.ca\/workrepro\/#website\"},\"primaryImageOfPage\":{\"@id\":\"https:\/\/artw.ca\/workrepro\/produit\/eclat-spontane\/#primaryimage\"},\"image\":{\"@id\":\"https:\/\/artw.ca\/workrepro\/produit\/eclat-spontane\/#primaryimage\"},\"thumbnailUrl\":\"https:\/\/artw.ca\/workrepro\/wp-content\/uploads\/2024\/09\/Base_Web_Woo_10x10_G1.jpg\",\"datePublished\":\"2024-09-12T19:29:49+00:00\",\"dateModified\":\"2025-09-11T19:07:00+00:00\",\"breadcrumb\":{\"@id\":\"https:\/\/artw.ca\/workrepro\/produit\/eclat-spontane\/#breadcrumb\"},\"inLanguage\":\"fr-CA\",\"potentialAction\":[{\"@type\":\"ReadAction\",\"target\":[\"https:\/\/artw.ca\/workrepro\/produit\/eclat-spontane\/\"]}]},{\"@type\":\"ImageObject\",\"inLanguage\":\"fr-CA\",\"@id\":\"https:\/\/artw.ca\/workrepro\/produit\/eclat-spontane\/#primaryimage\",\"url\":\"https:\/\/artw.ca\/workrepro\/wp-content\/uploads\/2024\/09\/Base_Web_Woo_10x10_G1.jpg\",\"contentUrl\":\"https:\/\/artw.ca\/workrepro\/wp-content\/uploads\/2024\/09\/Base_Web_Woo_10x10_G1.jpg\",\"width\":2000,\"height\":2000,\"caption\":\"\u00c9clat spontan\u00e9\"},{\"@type\":\"BreadcrumbList\",\"@id\":\"https:\/\/artw.ca\/workrepro\/produit\/eclat-spontane\/#breadcrumb\",\"itemListElement\":[{\"@type\":\"ListItem\",\"position\":1,\"name\":\"Accueil\",\"item\":\"https:\/\/artw.ca\/workrepro\/\"},{\"@type\":\"ListItem\",\"position\":2,\"name\":\"Boutique\",\"item\":\"https:\/\/artw.ca\/workrepro\/boutique\/\"},{\"@type\":\"ListItem\",\"position\":3,\"name\":\"\u00c9clat spontan\u00e9\"}]},{\"@type\":\"WebSite\",\"@id\":\"https:\/\/artw.ca\/workrepro\/#website\",\"url\":\"https:\/\/artw.ca\/workrepro\/\",\"name\":\"Art W\",\"description\":\"Oeuvres originales uniques et certifi\u00e9es\",\"publisher\":{\"@id\":\"https:\/\/artw.ca\/workrepro\/#organization\"},\"potentialAction\":[{\"@type\":\"SearchAction\",\"target\":{\"@type\":\"EntryPoint\",\"urlTemplate\":\"https:\/\/artw.ca\/workrepro\/?s={search_term_string}\"},\"query-input\":{\"@type\":\"PropertyValueSpecification\",\"valueRequired\":true,\"valueName\":\"search_term_string\"}}],\"inLanguage\":\"fr-CA\"},{\"@type\":\"Organization\",\"@id\":\"https:\/\/artw.ca\/workrepro\/#organization\",\"name\":\"Art W\",\"url\":\"https:\/\/artw.ca\/workrepro\/\",\"logo\":{\"@type\":\"ImageObject\",\"inLanguage\":\"fr-CA\",\"@id\":\"https:\/\/artw.ca\/workrepro\/#\/schema\/logo\/image\/\",\"url\":\"https:\/\/artw.ca\/workrepro\/wp-content\/uploads\/2019\/09\/Art_W_noir.png\",\"contentUrl\":\"https:\/\/artw.ca\/workrepro\/wp-content\/uploads\/2019\/09\/Art_W_noir.png\",\"width\":2090,\"height\":1787,\"caption\":\"Art W\"},\"image\":{\"@id\":\"https:\/\/artw.ca\/workrepro\/#\/schema\/logo\/image\/\"},\"sameAs\":[\"https:\/\/www.facebook.com\/profile.php?id=61550827004396\",\"https:\/\/www.instagram.com\/galerieartw\/?hl=fr\"]}]}<\/script>\n<!-- \/ Yoast SEO plugin. -->","yoast_head_json":{"title":"\u00c9clat spontan\u00e9 - workrepro","robots":{"index":"noindex","follow":"follow","max-snippet":"max-snippet:-1","max-image-preview":"max-image-preview:large","max-video-preview":"max-video-preview:-1"},"og_locale":"fr_CA","og_type":"article","og_title":"\u00c9clat spontan\u00e9 - workrepro","og_description":"Acrylique mixte Peinture abstraite contemporaine, unique et originale 30 po x 40 po (76 cm x 102 cm)  Toile galerie de 1,5\u00a0po avec bordures peintes Prot\u00e9g\u00e9e par un vernis fini satin\u00e9 Certificat d\u2019authenticit\u00e9  Veuillez communiquer avec nous pour toute commande hors Qu\u00e9bec.","og_url":"https:\/\/artw.ca\/workrepro\/produit\/eclat-spontane\/","og_site_name":"workrepro","article_publisher":"https:\/\/www.facebook.com\/profile.php?id=61550827004396","article_modified_time":"2025-09-11T19:07:00+00:00","og_image":[{"width":2000,"height":2000,"url":"https:\/\/artw.ca\/workrepro\/wp-content\/uploads\/2024\/09\/Base_Web_Woo_10x10_G1.jpg","type":"image\/jpeg"}],"twitter_card":"summary_large_image","twitter_misc":{"Estimation du temps de lecture":"1 minute"},"schema":{"@context":"https:\/\/schema.org","@graph":[{"@type":"WebPage","@id":"https:\/\/artw.ca\/workrepro\/produit\/eclat-spontane\/","url":"https:\/\/artw.ca\/workrepro\/produit\/eclat-spontane\/","name":"\u00c9clat spontan\u00e9 - workrepro","isPartOf":{"@id":"https:\/\/artw.ca\/workrepro\/#website"},"primaryImageOfPage":{"@id":"https:\/\/artw.ca\/workrepro\/produit\/eclat-spontane\/#primaryimage"},"image":{"@id":"https:\/\/artw.ca\/workrepro\/produit\/eclat-spontane\/#primaryimage"},"thumbnailUrl":"https:\/\/artw.ca\/workrepro\/wp-content\/uploads\/2024\/09\/Base_Web_Woo_10x10_G1.jpg","datePublished":"2024-09-12T19:29:49+00:00","dateModified":"2025-09-11T19:07:00+00:00","breadcrumb":{"@id":"https:\/\/artw.ca\/workrepro\/produit\/eclat-spontane\/#breadcrumb"},"inLanguage":"fr-CA","potentialAction":[{"@type":"ReadAction","target":["https:\/\/artw.ca\/workrepro\/produit\/eclat-spontane\/"]}]},{"@type":"ImageObject","inLanguage":"fr-CA","@id":"https:\/\/artw.ca\/workrepro\/produit\/eclat-spontane\/#primaryimage","url":"https:\/\/artw.ca\/workrepro\/wp-content\/uploads\/2024\/09\/Base_Web_Woo_10x10_G1.jpg","contentUrl":"https:\/\/artw.ca\/workrepro\/wp-content\/uploads\/2024\/09\/Base_Web_Woo_10x10_G1.jpg","width":2000,"height":2000,"caption":"\u00c9clat spontan\u00e9"},{"@type":"BreadcrumbList","@id":"https:\/\/artw.ca\/workrepro\/produit\/eclat-spontane\/#breadcrumb","itemListElement":[{"@type":"ListItem","position":1,"name":"Accueil","item":"https:\/\/artw.ca\/workrepro\/"},{"@type":"ListItem","position":2,"name":"Boutique","item":"https:\/\/artw.ca\/workrepro\/boutique\/"},{"@type":"ListItem","position":3,"name":"\u00c9clat spontan\u00e9"}]},{"@type":"WebSite","@id":"https:\/\/artw.ca\/workrepro\/#website","url":"https:\/\/artw.ca\/workrepro\/","name":"Art W","description":"Oeuvres originales uniques et certifi\u00e9es","publisher":{"@id":"https:\/\/artw.ca\/workrepro\/#organization"},"potentialAction":[{"@type":"SearchAction","target":{"@type":"EntryPoint","urlTemplate":"https:\/\/artw.ca\/workrepro\/?s={search_term_string}"},"query-input":{"@type":"PropertyValueSpecification","valueRequired":true,"valueName":"search_term_string"}}],"inLanguage":"fr-CA"},{"@type":"Organization","@id":"https:\/\/artw.ca\/workrepro\/#organization","name":"Art W","url":"https:\/\/artw.ca\/workrepro\/","logo":{"@type":"ImageObject","inLanguage":"fr-CA","@id":"https:\/\/artw.ca\/workrepro\/#\/schema\/logo\/image\/","url":"https:\/\/artw.ca\/workrepro\/wp-content\/uploads\/2019\/09\/Art_W_noir.png","contentUrl":"https:\/\/artw.ca\/workrepro\/wp-content\/uploads\/2019\/09\/Art_W_noir.png","width":2090,"height":1787,"caption":"Art W"},"image":{"@id":"https:\/\/artw.ca\/workrepro\/#\/schema\/logo\/image\/"},"sameAs":["https:\/\/www.facebook.com\/profile.php?id=61550827004396","https:\/\/www.instagram.com\/galerieartw\/?hl=fr"]}]}},"_links":{"self":[{"href":"https:\/\/artw.ca\/workrepro\/wp-json\/wp\/v2\/product\/4259","targetHints":{"allow":["GET"]}}],"collection":[{"href":"https:\/\/artw.ca\/workrepro\/wp-json\/wp\/v2\/product"}],"about":[{"href":"https:\/\/artw.ca\/workrepro\/wp-json\/wp\/v2\/types\/product"}],"wp:featuredmedia":[{"embeddable":true,"href":"https:\/\/artw.ca\/workrepro\/wp-json\/wp\/v2\/media\/4260"}],"wp:attachment":[{"href":"https:\/\/artw.ca\/workrepro\/wp-json\/wp\/v2\/media?parent=4259"}],"wp:term":[{"taxonomy":"product_brand","embeddable":true,"href":"https:\/\/artw.ca\/workrepro\/wp-json\/wp\/v2\/product_brand?post=4259"},{"taxonomy":"product_cat","embeddable":true,"href":"https:\/\/artw.ca\/workrepro\/wp-json\/wp\/v2\/product_cat?post=4259"},{"taxonomy":"product_tag","embeddable":true,"href":"https:\/\/artw.ca\/workrepro\/wp-json\/wp\/v2\/product_tag?post=4259"}],"curies":[{"name":"wp","href":"https:\/\/api.w.org\/{rel}","templated":true}]}}